{"id":35,"date":"2024-02-20T18:01:01","date_gmt":"2024-02-20T18:01:01","guid":{"rendered":"https:\/\/www.powercat3d.com\/index.php\/colibri-wp\/"},"modified":"2026-02-26T19:28:43","modified_gmt":"2026-02-26T18:28:43","slug":"colibri-wp","status":"publish","type":"page","link":"https:\/\/www.powercat3d.com\/","title":{"rendered":"Front Page"},"content":{"rendered":"<div data-colibri-id=\"35-c1\" class=\"style-190 style-local-35-c1 position-relative\">\n  <!---->\n  <div data-colibri-component=\"section\" data-colibri-id=\"35-c2\" id=\"overlappable\" class=\"h-section h-section-global-spacing d-flex align-items-lg-center align-items-md-center align-items-center style-191 style-local-35-c2 position-relative\">\n    <!---->\n    <!---->\n    <div class=\"h-section-grid-container h-section-boxed-container\">\n      <!---->\n      <div data-colibri-id=\"35-c3\" class=\"h-row-container gutters-row-lg-0 gutters-row-md-0 gutters-row-2 gutters-row-v-lg-0 gutters-row-v-md-0 gutters-row-v-2 style-192 style-local-35-c3 position-relative\">\n        <!---->\n        <div class=\"h-row justify-content-lg-center justify-content-md-center justify-content-center align-items-lg-stretch align-items-md-stretch align-items-stretch gutters-col-lg-0 gutters-col-md-0 gutters-col-2 gutters-col-v-lg-0 gutters-col-v-md-0 gutters-col-v-2\">\n          <!---->\n          <div class=\"h-column h-column-container d-flex h-col-lg-3 h-col-md-3 h-col-12 style-193-outer style-local-35-c4-outer\">\n            <div data-colibri-id=\"35-c4\" class=\"d-flex h-flex-basis h-column__inner h-px-lg-3 h-px-md-3 h-px-2 v-inner-lg-3 v-inner-md-3 v-inner-2 style-193 style-local-35-c4 position-relative\">\n              <!---->\n              <!---->\n              <div class=\"w-100 h-y-container h-column__content h-column__v-align flex-basis-100 align-self-lg-center align-self-md-center align-self-center\">\n                <!---->\n                <div data-colibri-id=\"35-c5\" class=\"h-icon style-194 style-local-35-c5 position-relative h-element\">\n                  <!----><span class=\"h-svg-icon h-icon__icon style-194-icon style-local-35-c5-icon\"><!--Icon by Font Awesome (https:\/\/fontawesome.com)-->\n    <svg version=\"1.1\" xmlns=\"http:\/\/www.w3.org\/2000\/svg\" xmlns:xlink=\"http:\/\/www.w3.org\/1999\/xlink\" id=\"recycle\" viewBox=\"0 0 1792 1896.0833\">\n      <path d=\"M836 1169l-15 368-2 22-420-29q-36-3-67-31.5t-47-65.5q-11-27-14.5-55t4-65 12-55 21.5-64 19-53q78 12 509 28zM449 583l180 379-147-92q-63 72-111.5 144.5t-72.5 125-39.5 94.5-18.5 63l-4 21L46 961q-17-26-18-56t6-47l8-18q35-63 114-188L16 566zm1231 517l-188 359q-12 29-36.5 46.5T1412 1526l-18 4q-71 7-219 12l8 164-230-367 211-362 7 173q170 16 283 5t170-33zM895 176q-47 63-265 435L313 424l-19-12L519 56q20-31 60-45t80-10q24 2 48.5 12t42 21T791 67t36 34.5 36 39.5 32 35zm655 307l212 363q18 37 12.5 76t-27.5 74q-13 20-33 37t-38 28-48.5 22-47 16-51.5 14-46 12q-34-72-265-436l313-195zm-143-226l142-83-220 373-419-20 151-86q-34-89-75-166t-75.5-123.5-64.5-80T799 25l-17-13 405 1q31-3 58 10.5t39 28.5l11 15q39 61 112 190z\"><\/path>\n    <\/svg><\/span><\/div>\n                <div data-colibri-id=\"35-c6\" class=\"h-global-transition-all h-heading style-195 style-local-35-c6 position-relative h-element\">\n                  <!---->\n                  <div class=\"h-heading__outer style-195 style-local-35-c6\">\n                    <!---->\n                    <!---->\n                    <h5 class=\"\">Compromiso con el medioambiente&nbsp;<\/h5>\n                  <\/div>\n                <\/div>\n                <div data-colibri-id=\"35-c7\" class=\"h-text h-text-component style-196 style-local-35-c7 position-relative h-element\">\n                  <!---->\n                  <!---->\n                  <div class=\"\">\n                    <p>Por cada reparacion ahorramos aproximadamente 981,25Kg de CO2 emitidos a la atmosfera.<\/p>\n                  <\/div>\n                <\/div>\n              <\/div>\n            <\/div>\n          <\/div>\n          <div class=\"h-column h-column-container d-flex h-col-lg-3 h-col-md-3 h-col-12 style-193-outer style-local-35-c8-outer\">\n            <div data-colibri-id=\"35-c8\" class=\"d-flex h-flex-basis h-column__inner h-px-lg-3 h-px-md-3 h-px-2 v-inner-lg-3 v-inner-md-3 v-inner-2 style-193 style-local-35-c8 position-relative\">\n              <!---->\n              <!---->\n              <div class=\"w-100 h-y-container h-column__content h-column__v-align flex-basis-100 align-self-lg-center align-self-md-center align-self-center\">\n                <!---->\n                <div data-colibri-id=\"35-c9\" class=\"h-icon style-194 style-local-35-c9 position-relative h-element\">\n                  <!----><span class=\"h-svg-icon h-icon__icon style-194-icon style-local-35-c9-icon\"><!--Icon by Font Awesome (https:\/\/fontawesome.com)-->\n    <svg version=\"1.1\" xmlns=\"http:\/\/www.w3.org\/2000\/svg\" xmlns:xlink=\"http:\/\/www.w3.org\/1999\/xlink\" id=\"battery-4\" viewBox=\"0 0 2304 1896.0833\">\n      <path d=\"M1920 512v768H256V512h1664zm128 576h128V704h-128V416q0-14-9-23t-23-9H160q-14 0-23 9t-9 23v960q0 14 9 23t23 9h1856q14 0 23-9t9-23v-288zm256-384v384q0 53-37.5 90.5T2176 1216v160q0 66-47 113t-113 47H160q-66 0-113-47T0 1376V416q0-66 47-113t113-47h1856q66 0 113 47t47 113v160q53 0 90.5 37.5T2304 704z\"><\/path>\n    <\/svg><\/span><\/div>\n                <div data-colibri-id=\"35-c10\" class=\"h-global-transition-all h-heading style-195 style-local-35-c10 position-relative h-element\">\n                  <!---->\n                  <div class=\"h-heading__outer style-195 style-local-35-c10\">\n                    <!---->\n                    <!---->\n                    <h5 class=\"\">Repara tus equipos a bateria<\/h5>\n                  <\/div>\n                <\/div>\n                <div data-colibri-id=\"35-c11\" class=\"h-text h-text-component style-196 style-local-35-c11 position-relative h-element\">\n                  <!---->\n                  <!---->\n                  <div class=\"\">\n                    <p>Hay muchos casos en que un equipo deja de funcionar por un simple problema.<\/p>\n                  <\/div>\n                <\/div>\n              <\/div>\n            <\/div>\n          <\/div>\n          <div class=\"h-column h-column-container d-flex h-col-lg-3 h-col-md-3 h-col-12 style-193-outer style-local-35-c12-outer\">\n            <div data-colibri-id=\"35-c12\" class=\"d-flex h-flex-basis h-column__inner h-px-lg-3 h-px-md-3 h-px-2 v-inner-lg-3 v-inner-md-3 v-inner-2 style-193 style-local-35-c12 position-relative\">\n              <!---->\n              <!---->\n              <div class=\"w-100 h-y-container h-column__content h-column__v-align flex-basis-100 align-self-lg-center align-self-md-center align-self-center\">\n                <!---->\n                <div data-colibri-id=\"35-c13\" class=\"h-icon style-194 style-local-35-c13 position-relative h-element\">\n                  <!----><span class=\"h-svg-icon h-icon__icon style-194-icon style-local-35-c13-icon\"><!--Icon by Font Awesome (https:\/\/fontawesome.com)-->\n    <svg version=\"1.1\" xmlns=\"http:\/\/www.w3.org\/2000\/svg\" xmlns:xlink=\"http:\/\/www.w3.org\/1999\/xlink\" id=\"smile-o\" viewBox=\"0 0 1536 1896.0833\">\n      <path d=\"M1134 1075q-37 121-138 195t-228 74-228-74-138-195q-8-25 4-48.5t38-31.5q25-8 48.5 4t31.5 38q25 80 92.5 129.5T768 1216t151.5-49.5T1012 1037q8-26 32-38t49-4 37 31.5 4 48.5zM640 640q0 53-37.5 90.5T512 768t-90.5-37.5T384 640t37.5-90.5T512 512t90.5 37.5T640 640zm512 0q0 53-37.5 90.5T1024 768t-90.5-37.5T896 640t37.5-90.5T1024 512t90.5 37.5T1152 640zm256 256q0-130-51-248.5t-136.5-204-204-136.5T768 256t-248.5 51-204 136.5-136.5 204T128 896t51 248.5 136.5 204 204 136.5 248.5 51 248.5-51 204-136.5 136.5-204 51-248.5zm128 0q0 209-103 385.5T1153.5 1561 768 1664t-385.5-103T103 1281.5 0 896t103-385.5T382.5 231 768 128t385.5 103T1433 510.5 1536 896z\"><\/path>\n    <\/svg><\/span><\/div>\n                <div data-colibri-id=\"35-c14\" class=\"h-global-transition-all h-heading style-195 style-local-35-c14 position-relative h-element\">\n                  <!---->\n                  <div class=\"h-heading__outer style-195 style-local-35-c14\">\n                    <!---->\n                    <!---->\n                    <h5 class=\"\">Nuestros principos<\/h5>\n                  <\/div>\n                <\/div>\n                <div data-colibri-id=\"35-c15\" class=\"h-text h-text-component style-196 style-local-35-c15 position-relative h-element\">\n                  <!---->\n                  <!---->\n                  <div class=\"\">\n                    <p>Se trabaja constantemente para poder dar siempre la mejor soluci\u00f3n a nuestros clientes.<\/p>\n                  <\/div>\n                <\/div>\n              <\/div>\n            <\/div>\n          <\/div>\n          <div class=\"h-column h-column-container d-flex h-col-lg-3 h-col-md-3 h-col-12 style-197-outer style-local-35-c16-outer\">\n            <div data-colibri-id=\"35-c16\" class=\"d-flex h-flex-basis h-column__inner h-px-lg-3 h-px-md-3 h-px-2 v-inner-lg-3 v-inner-md-3 v-inner-2 style-197 style-local-35-c16 position-relative\">\n              <!---->\n              <!---->\n              <div class=\"w-100 h-y-container h-column__content h-column__v-align flex-basis-100 align-self-lg-center align-self-md-center align-self-center\">\n                <!---->\n                <div data-colibri-id=\"35-c17\" class=\"h-icon style-194 style-local-35-c17 position-relative h-element\">\n                  <!----><span class=\"h-svg-icon h-icon__icon style-194-icon style-local-35-c17-icon\"><!--Icon by Font Awesome (https:\/\/fontawesome.com)-->\n    <svg version=\"1.1\" xmlns=\"http:\/\/www.w3.org\/2000\/svg\" xmlns:xlink=\"http:\/\/www.w3.org\/1999\/xlink\" id=\"gears\" viewBox=\"0 0 1920 1896.0833\">\n      <path d=\"M896 896q0-106-75-181t-181-75-181 75-75 181 75 181 181 75 181-75 75-181zm768 512q0-52-38-90t-90-38-90 38-38 90q0 53 37.5 90.5t90.5 37.5 90.5-37.5 37.5-90.5zm0-1024q0-52-38-90t-90-38-90 38-38 90q0 53 37.5 90.5T1536 512t90.5-37.5T1664 384zm-384 421v185q0 10-7 19.5t-16 10.5l-155 24q-11 35-32 76 34 48 90 115 7 11 7 20 0 12-7 19-23 30-82.5 89.5T999 1423q-11 0-21-7l-115-90q-37 19-77 31-11 108-23 155-7 24-30 24H547q-11 0-20-7.5t-10-17.5l-23-153q-34-10-75-31l-118 89q-7 7-20 7-11 0-21-8-144-133-144-160 0-9 7-19 10-14 41-53t47-61q-23-44-35-82l-152-24q-10-1-17-9.5T0 987V802q0-10 7-19.5T23 772l155-24q11-35 32-76-34-48-90-115-7-11-7-20 0-12 7-20 22-30 82-89t79-59q11 0 21 7l115 90q34-18 77-32 11-108 23-154 7-24 30-24h186q11 0 20 7.5t10 17.5l23 153q34 10 75 31l118-89q8-7 20-7 11 0 21 8 144 133 144 160 0 8-7 19-12 16-42 54t-45 60q23 48 34 82l152 23q10 2 17 10.5t7 19.5zm640 533v140q0 16-149 31-12 27-30 52 51 113 51 138 0 4-4 7-122 71-124 71-8 0-46-47t-52-68q-20 2-30 2t-30-2q-14 21-52 68t-46 47q-2 0-124-71-4-3-4-7 0-25 51-138-18-25-30-52-149-15-149-31v-140q0-16 149-31 13-29 30-52-51-113-51-138 0-4 4-7 4-2 35-20t59-34 30-16q8 0 46 46.5t52 67.5q20-2 30-2t30 2q51-71 92-112l6-2q4 0 124 70 4 3 4 7 0 25-51 138 17 23 30 52 149 15 149 31zm0-1024v140q0 16-149 31-12 27-30 52 51 113 51 138 0 4-4 7-122 71-124 71-8 0-46-47t-52-68q-20 2-30 2t-30-2q-14 21-52 68t-46 47q-2 0-124-71-4-3-4-7 0-25 51-138-18-25-30-52-149-15-149-31V314q0-16 149-31 13-29 30-52-51-113-51-138 0-4 4-7 4-2 35-20t59-34 30-16q8 0 46 46.5t52 67.5q20-2 30-2t30 2q51-71 92-112l6-2q4 0 124 70 4 3 4 7 0 25-51 138 17 23 30 52 149 15 149 31z\"><\/path>\n    <\/svg><\/span><\/div>\n                <div data-colibri-id=\"35-c18\" class=\"h-global-transition-all h-heading style-195 style-local-35-c18 position-relative h-element\">\n                  <!---->\n                  <div class=\"h-heading__outer style-195 style-local-35-c18\">\n                    <!---->\n                    <!---->\n                    <h5 class=\"\">Contamos con la mejor tecnolog\u00eda<\/h5>\n                  <\/div>\n                <\/div>\n                <div data-colibri-id=\"35-c19\" class=\"h-text h-text-component style-196 style-local-35-c19 position-relative h-element\">\n                  <!---->\n                  <!---->\n                  <div class=\"\">\n                    <p>Contamos con la mejor tecnolog\u00eda para diagnosticar y reparar.<\/p>\n                  <\/div>\n                <\/div>\n              <\/div>\n            <\/div>\n          <\/div>\n        <\/div>\n      <\/div>\n    <\/div>\n  <\/div>\n  <div data-colibri-component=\"section\" data-colibri-id=\"35-c20\" id=\"about\" class=\"h-section h-section-global-spacing d-flex align-items-lg-center align-items-md-center align-items-center style-198 style-local-35-c20 position-relative\">\n    <!---->\n    <!---->\n    <div class=\"h-section-grid-container h-section-fluid-container\">\n      <!---->\n      <div data-colibri-id=\"35-c21\" class=\"h-row-container gutters-row-lg-0 gutters-row-md-0 gutters-row-0 gutters-row-v-lg-0 gutters-row-v-md-0 gutters-row-v-0 style-199 style-local-35-c21 position-relative\">\n        <!---->\n        <div class=\"h-row justify-content-lg-center justify-content-md-center justify-content-center align-items-lg-stretch align-items-md-stretch align-items-stretch gutters-col-lg-0 gutters-col-md-0 gutters-col-0 gutters-col-v-lg-0 gutters-col-v-md-0 gutters-col-v-0\">\n          <!---->\n          <div class=\"h-column h-column-container d-flex h-col-lg-auto h-col-md-auto h-col-auto style-200-outer style-local-35-c22-outer\">\n            <div data-colibri-id=\"35-c22\" class=\"d-flex h-flex-basis h-column__inner h-px-lg-0 h-px-md-0 h-px-0 v-inner-lg-0 v-inner-md-0 v-inner-0 style-200 style-local-35-c22 position-relative\">\n              <!---->\n              <!---->\n              <div class=\"w-100 h-y-container h-column__content h-column__v-align flex-basis-100 align-self-lg-start align-self-md-start align-self-start\">\n                <!---->\n                <div data-colibri-id=\"35-c23\" class=\"h-global-transition-all h-heading style-201 style-local-35-c23 position-relative h-element\">\n                  <!---->\n                  <div class=\"h-heading__outer style-201 style-local-35-c23\">\n                    <!---->\n                    <!---->\n                    <h5 class=\"\">Sobre nosotros&nbsp;<\/h5>\n                  <\/div>\n                <\/div>\n                <div data-colibri-id=\"35-c24\" class=\"h-text h-text-component style-203 style-local-35-c24 position-relative h-element\">\n                  <!---->\n                  <!---->\n                  <div class=\"\">\n                    <p>En PowerCat3D, nuestra misi\u00f3n va m\u00e1s all\u00e1 de simplemente proporcionar soluciones r\u00e1pidas y econ\u00f3micas. Nos comprometemos a prolongar la vida \u00fatil de los instrumentos esenciales utilizados en entornos cr\u00edticos como hospitales, residencias\n                      y centros de d\u00eda. Nos rehusamos a conformarnos con la mentalidad de \u00abes m\u00e1s econ\u00f3mico reemplazar que reparar\u00bb. En cambio, adoptamos un enfoque proactivo y sostenible, encontramos siempre la mejor soluci\u00f3n que se adapte a las necesidades\n                      de nuestros clientes.<\/p>\n                    <p>Nuestro equipo altamente capacitado no solo se limita a realizar reparaciones b\u00e1sicas, sino que tambi\u00e9n se esfuerza por mejorar continuamente los productos y sistemas que presentan fallos. Mediante impresi\u00f3n 3D, abordamos incluso los\n                      desaf\u00edos m\u00e1s complejos con confianza y creatividad.<\/p>\n                    <p>Adem\u00e1s de nuestra experiencia en dise\u00f1o e impresi\u00f3n 3D, contamos con un amplio conocimiento en electr\u00f3nica, soldadura y herrer\u00eda, lo que nos permite ofrecer soluciones integrales y personalizadas para cada situaci\u00f3n. Nos enorgullece\n                      no solo restaurar la funcionalidad de los instrumentos, sino tambi\u00e9n mejorar su rendimiento y durabilidad, contribuyendo as\u00ed a la seguridad y eficiencia en los entornos de atenci\u00f3n m\u00e9dica.<\/p>\n                    <p>Nuestra pasi\u00f3n por la innovaci\u00f3n y el compromiso con la excelencia nos impulsa a superar constantemente los l\u00edmites, asegurando que cada cliente reciba el m\u00e1s alto nivel de servicio y calidad. En PowerCat3D, estamos dedicados a marcar\n                      la diferencia.<\/p>\n                  <\/div>\n                <\/div>\n              <\/div>\n            <\/div>\n          <\/div>\n          <div class=\"h-column h-column-container d-flex h-col-lg-auto h-col-md-auto h-col-auto style-204-outer style-local-35-c25-outer\">\n            <div data-colibri-id=\"35-c25\" class=\"d-flex h-flex-basis h-column__inner h-ui-empty-state-container h-px-lg-2 h-px-md-2 h-px-2 v-inner-lg-2 v-inner-md-2 v-inner-2 style-204 style-local-35-c25 position-relative\">\n              <!---->\n              <!---->\n              <div class=\"w-100 h-y-container h-column__content h-column__v-align flex-basis-100\">\n                <!---->\n              <\/div>\n            <\/div>\n          <\/div>\n        <\/div>\n      <\/div>\n    <\/div>\n  <\/div>\n<\/div>","protected":false},"excerpt":{"rendered":"<p>Compromiso con el medioambiente&nbsp; Por cada reparacion ahorramos aproximadamente 981,25Kg de CO2 emitidos a la atmosfera. Repara tus equipos a bateria Hay muchos casos en que un equipo deja de funcionar por un simple problema. Nuestros principos Se trabaja constantemente para poder dar siempre la mejor soluci\u00f3n a nuestros clientes. Contamos con la mejor tecnolog\u00eda [&hellip;]<\/p>\n","protected":false},"author":1,"featured_media":0,"parent":0,"menu_order":0,"comment_status":"closed","ping_status":"closed","template":"page-templates\/homepage.php","meta":{"footnotes":""},"class_list":["post-35","page","type-page","status-publish","hentry"],"jetpack_sharing_enabled":true,"_links":{"self":[{"href":"https:\/\/www.powercat3d.com\/index.php\/wp-json\/wp\/v2\/pages\/35","targetHints":{"allow":["GET"]}}],"collection":[{"href":"https:\/\/www.powercat3d.com\/index.php\/wp-json\/wp\/v2\/pages"}],"about":[{"href":"https:\/\/www.powercat3d.com\/index.php\/wp-json\/wp\/v2\/types\/page"}],"author":[{"embeddable":true,"href":"https:\/\/www.powercat3d.com\/index.php\/wp-json\/wp\/v2\/users\/1"}],"replies":[{"embeddable":true,"href":"https:\/\/www.powercat3d.com\/index.php\/wp-json\/wp\/v2\/comments?post=35"}],"version-history":[{"count":16,"href":"https:\/\/www.powercat3d.com\/index.php\/wp-json\/wp\/v2\/pages\/35\/revisions"}],"predecessor-version":[{"id":179,"href":"https:\/\/www.powercat3d.com\/index.php\/wp-json\/wp\/v2\/pages\/35\/revisions\/179"}],"wp:attachment":[{"href":"https:\/\/www.powercat3d.com\/index.php\/wp-json\/wp\/v2\/media?parent=35"}],"curies":[{"name":"wp","href":"https:\/\/api.w.org\/{rel}","templated":true}]}}